{"id":2311,"date":"2014-03-01T03:56:53","date_gmt":"2014-03-01T03:56:53","guid":{"rendered":"https:\/\/2014.laspenitas.wordcamp.org\/?page_id=2311"},"modified":"2014-03-01T04:21:35","modified_gmt":"2014-03-01T04:21:35","slug":"acerca-de","status":"publish","type":"page","link":"https:\/\/laspenitas.wordcamp.org\/2014\/acerca-de\/","title":{"rendered":"Acerca de"},"content":{"rendered":"<p>Los WordCamp son conferencias organizadas localmente para difundir, promover e informarse sobre todo lo relacionado con WordPress, el manejador de contenidos libre y de c\u00f3digo abierto que es utilizado por m\u00e1s 25 millones de sitios alrededor del mundo.<\/p>\n\n\t\t<style type=\"text\/css\">\n\t\t\t#gallery-1 {\n\t\t\t\tmargin: auto;\n\t\t\t}\n\t\t\t#gallery-1 .gallery-item {\n\t\t\t\tfloat: left;\n\t\t\t\tmargin-top: 10px;\n\t\t\t\ttext-align: center;\n\t\t\t\twidth: 33%;\n\t\t\t}\n\t\t\t#gallery-1 img {\n\t\t\t\tborder: 2px solid #cfcfcf;\n\t\t\t}\n\t\t\t#gallery-1 .gallery-caption {\n\t\t\t\tmargin-left: 0;\n\t\t\t}\n\t\t\t\/* see gallery_shortcode() in wp-includes\/media.php *\/\n\t\t<\/style>\n\t\t<div id='gallery-1' class='gallery galleryid-2311 gallery-columns-3 gallery-size-thumbnail'><dl class='gallery-item'>\n\t\t\t<dt class='gallery-icon landscape'>\n\t\t\t\t<a href='https:\/\/laspenitas.wordcamp.org\/2014\/acerca-de\/944267_166683506833611_1929122070_n-2\/'><img loading=\"lazy\" decoding=\"async\" width=\"150\" height=\"150\" src=\"https:\/\/laspenitas.wordcamp.org\/2014\/files\/2014\/03\/944267_166683506833611_1929122070_n1-150x150.jpg\" class=\"attachment-thumbnail size-thumbnail\" alt=\"\" \/><\/a>\n\t\t\t<\/dt><\/dl><dl class='gallery-item'>\n\t\t\t<dt class='gallery-icon landscape'>\n\t\t\t\t<a href='https:\/\/laspenitas.wordcamp.org\/2014\/298539_10151677121072915_1323496002_n\/'><img loading=\"lazy\" decoding=\"async\" width=\"150\" height=\"150\" src=\"https:\/\/laspenitas.wordcamp.org\/2014\/files\/2014\/03\/298539_10151677121072915_1323496002_n-150x150.jpg\" class=\"attachment-thumbnail size-thumbnail\" alt=\"\" \/><\/a>\n\t\t\t<\/dt><\/dl><dl class='gallery-item'>\n\t\t\t<dt class='gallery-icon landscape'>\n\t\t\t\t<a href='https:\/\/laspenitas.wordcamp.org\/2014\/943210_166619813506647_1694366726_n\/'><img loading=\"lazy\" decoding=\"async\" width=\"150\" height=\"150\" src=\"https:\/\/laspenitas.wordcamp.org\/2014\/files\/2014\/03\/943210_166619813506647_1694366726_n-150x150.jpg\" class=\"attachment-thumbnail size-thumbnail\" alt=\"\" \/><\/a>\n\t\t\t<\/dt><\/dl><br style=\"clear: both\" \/>\n\t\t<\/div>\n\n<p>Los asistentes a un WordCamp tienen diversas habilidades y conocimientos; desde usuarios principiantes y blogueros, hasta consultores profesionales y desarrolladores de WordPress. De la misma forma, las sesiones que se desarrollan durante un WordCamp van desde temas b\u00e1sicos sobre el uso y manejo de WordPress, hasta temas avanzados sobre desarrollo.<\/p>\n<p>Desde el 2006 se han realizado m\u00e1s de 200 WordCamps en 38 pa\u00edses. En mayo 2014, se llevar\u00e1 la segunda edici\u00f3n del WordCamp Nicaragua en Las Pe\u00f1itas, Le\u00f3n. <\/p>\n\n\t\t<style type=\"text\/css\">\n\t\t\t#gallery-2 {\n\t\t\t\tmargin: auto;\n\t\t\t}\n\t\t\t#gallery-2 .gallery-item {\n\t\t\t\tfloat: left;\n\t\t\t\tmargin-top: 10px;\n\t\t\t\ttext-align: center;\n\t\t\t\twidth: 33%;\n\t\t\t}\n\t\t\t#gallery-2 img {\n\t\t\t\tborder: 2px solid #cfcfcf;\n\t\t\t}\n\t\t\t#gallery-2 .gallery-caption {\n\t\t\t\tmargin-left: 0;\n\t\t\t}\n\t\t\t\/* see gallery_shortcode() in wp-includes\/media.php *\/\n\t\t<\/style>\n\t\t<div id='gallery-2' class='gallery galleryid-2311 gallery-columns-3 gallery-size-thumbnail'><dl class='gallery-item'>\n\t\t\t<dt class='gallery-icon landscape'>\n\t\t\t\t<a href='https:\/\/laspenitas.wordcamp.org\/2014\/acerca-de\/947340_10151677681577915_579631047_n\/'><img loading=\"lazy\" decoding=\"async\" width=\"150\" height=\"150\" src=\"https:\/\/laspenitas.wordcamp.org\/2014\/files\/2014\/03\/947340_10151677681577915_579631047_n-150x150.jpg\" class=\"attachment-thumbnail size-thumbnail\" alt=\"\" \/><\/a>\n\t\t\t<\/dt><\/dl><dl class='gallery-item'>\n\t\t\t<dt class='gallery-icon landscape'>\n\t\t\t\t<a href='https:\/\/laspenitas.wordcamp.org\/2014\/acerca-de\/984216_10151677700457915_1134436241_n\/'><img loading=\"lazy\" decoding=\"async\" width=\"150\" height=\"150\" src=\"https:\/\/laspenitas.wordcamp.org\/2014\/files\/2014\/03\/984216_10151677700457915_1134436241_n-150x150.jpg\" class=\"attachment-thumbnail size-thumbnail\" alt=\"\" \/><\/a>\n\t\t\t<\/dt><\/dl><dl class='gallery-item'>\n\t\t\t<dt class='gallery-icon landscape'>\n\t\t\t\t<a href='https:\/\/laspenitas.wordcamp.org\/2014\/acerca-de\/429956_3130364794352_1405708189_n\/'><img loading=\"lazy\" decoding=\"async\" width=\"150\" height=\"150\" src=\"https:\/\/laspenitas.wordcamp.org\/2014\/files\/2014\/03\/429956_3130364794352_1405708189_n-150x150.jpg\" class=\"attachment-thumbnail size-thumbnail\" alt=\"\" \/><\/a>\n\t\t\t<\/dt><\/dl><br style=\"clear: both\" \/>\n\t\t<\/div>\n\n<p>Para mayor informaci\u00f3n, visita <a href=\"http:\/\/central.wordcamp.org\/\" target=\"_blank\">WordCamp Central<\/a> (sitio en ingl\u00e9s).<\/p>\n","protected":false},"excerpt":{"rendered":"<p>Los WordCamp son conferencias organizadas localmente para difundir, promover e informarse sobre todo lo relacionado con WordPress, el manejador de contenidos libre y de c\u00f3digo abierto que es utilizado por m\u00e1s 25 millones de sitios alrededor del mundo. Los asistentes &hellip; <a href=\"https:\/\/laspenitas.wordcamp.org\/2014\/acerca-de\/\">Sigue leyendo <span class=\"screen-reader-text\">Acerca de<\/span>  <span class=\"meta-nav\">&rarr;<\/span><\/a><\/p>\n","protected":false},"author":10987929,"featured_media":0,"parent":0,"menu_order":0,"comment_status":"open","ping_status":"open","template":"","meta":{"jetpack_post_was_ever_published":false,"footnotes":""},"class_list":["post-2311","page","type-page","status-publish","hentry"],"jetpack_sharing_enabled":true,"_links":{"self":[{"href":"https:\/\/laspenitas.wordcamp.org\/2014\/wp-json\/wp\/v2\/pages\/2311","targetHints":{"allow":["GET"]}}],"collection":[{"href":"https:\/\/laspenitas.wordcamp.org\/2014\/wp-json\/wp\/v2\/pages"}],"about":[{"href":"https:\/\/laspenitas.wordcamp.org\/2014\/wp-json\/wp\/v2\/types\/page"}],"author":[{"embeddable":true,"href":"https:\/\/laspenitas.wordcamp.org\/2014\/wp-json\/wp\/v2\/users\/10987929"}],"replies":[{"embeddable":true,"href":"https:\/\/laspenitas.wordcamp.org\/2014\/wp-json\/wp\/v2\/comments?post=2311"}],"version-history":[{"count":5,"href":"https:\/\/laspenitas.wordcamp.org\/2014\/wp-json\/wp\/v2\/pages\/2311\/revisions"}],"predecessor-version":[{"id":2331,"href":"https:\/\/laspenitas.wordcamp.org\/2014\/wp-json\/wp\/v2\/pages\/2311\/revisions\/2331"}],"wp:attachment":[{"href":"https:\/\/laspenitas.wordcamp.org\/2014\/wp-json\/wp\/v2\/media?parent=2311"}],"curies":[{"name":"wp","href":"https:\/\/api.w.org\/{rel}","templated":true}]}}