{"id":209539,"date":"2014-04-25T15:42:54","date_gmt":"2014-04-25T15:42:54","guid":{"rendered":"https:\/\/2014.laspenitas.wordcamp.org\/?page_id=209539"},"modified":"2014-04-28T20:09:32","modified_gmt":"2014-04-28T20:09:32","slug":"registro","status":"publish","type":"page","link":"https:\/\/laspenitas.wordcamp.org\/2014\/registro\/","title":{"rendered":"Registro"},"content":{"rendered":"<p>Llene el formulario de pre-registro para inscribirse en el WordCamp Las Pe\u00f1itas 2014. <strong>Nota: Cupo limitado.<\/strong><\/p>\n<p><strong>Costos de inscripci\u00f3n<\/strong><\/p>\n<p>Tenemos dos tarifas de participaci\u00f3n al evento; <strike><em>Acceso total<\/em> y<\/strike> <em>Pase de un d\u00eda<\/em> y <em>Premium<\/em>.<\/p>\n<p><strong>Nota: Se agotaron los tickets de Acceso Total. Si desea alojarse en Las Pe\u00f1itas, consulte nuestro nuevo paquete Premium que tiene las mismas caracter\u00edsticas del Acceso Total.<\/strong><\/p>\n<p><strike><strong>Acceso Total: USD 30.00<\/strong><\/p>\n<p>Incluye:<\/p>\n<ul>\n<li>Alojamiento por dos noches en habitaci\u00f3n doble (Viernes 23 y S\u00e1bado 24)<\/li>\n<li>Alimentaci\u00f3n (Cena del 23, Desayuno, Almuerzo y Cena del 24 y Desayuno del 25)<\/li>\n<li>Acceso total a todas las charlas y talleres<\/li>\n<li>Paquete de bienvenida (camiseta y material promocional)<\/li>\n<\/ul>\n<p><\/strike><\/p>\n<p><strong>Pase de un d\u00eda: USD 15.00<\/strong><\/p>\n<p>Incluye:<\/p>\n<ul>\n<li>Almuerzo del d\u00eda 24<\/li>\n<li>Acceso total a todas las charlas del d\u00eda s\u00e1bado 24<\/li>\n<li>Paquete de bienvenida (camiseta y material promocional)<\/li>\n<\/ul>\n<p><strong>Premium: USD 70.00<\/strong><\/p>\n<p>Incluye:<\/p>\n<ul>\n<li>Alojamiento por dos noches en habitaci\u00f3n doble (Viernes 23 y S\u00e1bado 24)<\/li>\n<li>Alimentaci\u00f3n (Cena del 23, Desayuno, Almuerzo y Cena del 24 y Desayuno del 25)<\/li>\n<li>Acceso total a todas las charlas y talleres<\/li>\n<li>Paquete de bienvenida (camiseta y material promocional)<\/li>\n<\/ul>\n<p><strong>Informaci\u00f3n de pago<\/strong><\/p>\n<p>Rellena el formulario de pre-registro para recibir la informaci\u00f3n de pago.<\/p>\n<div data-test='contact-form'\n\t\t\tid='contact-form-209539'\n\t\t\tclass='wp-block-jetpack-contact-form-container '\n\t\t\tdata-wp-interactive='jetpack\/form' data-wp-context='{\"formId\":\"209539\",\"formHash\":\"40ec2f53dd2f5cf9c3fd4ed5a536a8fb785cb113\",\"showErrors\":false,\"errors\":[],\"fields\":[],\"isMultiStep\":false,\"useAjax\":true,\"submissionData\":null,\"formattedSubmissionData\":[],\"submissionSuccess\":false,\"submissionError\":null,\"elementId\":\"jp-form-40ec2f53dd2f5cf9c3fd4ed5a536a8fb785cb113\",\"isSingleInputForm\":false}'\n\t\t\tdata-wp-watch--scroll-to-wrapper=\"callbacks.scrollToWrapper\"\n\t\t>\n<div class=\"contact-form-submission contact-form-ajax-submission\" data-wp-bind--aria-hidden=\"state.isSuccessMessageAriaHidden\" data-wp-class--submission-success=\"context.submissionSuccess\" id=\"contact-form-success-40ec2f53dd2f5cf9c3fd4ed5a536a8fb785cb113\" tabindex=\"-1\" aria-labelledby=\"contact-form-success-header-40ec2f53dd2f5cf9c3fd4ed5a536a8fb785cb113\"><p class=\"go-back-message\"><a class=\"link\" role=\"button\" tabindex=\"0\" data-wp-on--click=\"actions.goBack\" href=\"\/2014\/wp-json\/wp\/v2\/pages\/209539\">\u2190 Back<\/a><\/p><h4 data-wp-bind--aria-hidden=\"state.isSuccessMessageAriaHidden\" id=\"contact-form-success-header-40ec2f53dd2f5cf9c3fd4ed5a536a8fb785cb113\">Tu mensaje se ha enviado<\/h4>\n\n<template data-wp-each--submission=\"context.formattedSubmissionData\">\n\t\t\t\t\t<div class=\"jetpack_forms_contact-form-success-summary\">\n\t\t\t\t\t\t<div class=\"field-name\" data-wp-text=\"context.submission.label\" data-wp-bind--hidden=\"!context.submission.label\"><\/div>\n\t\t\t\t\t\t<div class=\"field-value\" data-wp-text=\"context.submission.value\" data-wp-bind--hidden=\"!context.submission.showPlainValue\"><\/div>\n\t\t\t\t\t\t<a class=\"field-url\" data-wp-bind--href=\"context.submission.url\" data-wp-text=\"context.submission.value\" data-wp-bind--hidden=\"!context.submission.url\" target=\"_blank\" rel=\"noopener noreferrer\"><\/a>\n\t\t\t\t\t\t<div class=\"field-rating\" data-wp-bind--hidden=\"!context.submission.rating\" data-wp-watch=\"callbacks.watchRatingIcons\"><\/div>\n\t\t\t\t\t\t<div class=\"field-images\" data-wp-bind--hidden=\"!context.submission.images\">\n\t\t\t\t\t\t\t<template data-wp-each--image=\"context.submission.images\">\n\t\t\t\t\t\t\t\t<div class=\"field-image-option\" data-wp-class--is-empty=\"!context.image.src\">\n\t\t\t\t\t\t\t\t\t<figure class=\"field-image-option__image\" data-wp-class--is-empty=\"!context.image.src\">\n\t\t\t\t\t\t\t\t\t\t<img data-wp-bind--src=\"context.image.src\" data-wp-bind--hidden=\"!context.image.src\" \/>\n\t\t\t\t\t\t\t\t\t\t<img decoding=\"async\" src=\"data:image\/gif;base64,R0lGODlhAQABAAD\/ACwAAAAAAQABAAACADs=\" data-wp-bind--hidden=\"context.image.src\" \/>\n\t\t\t\t\t\t\t\t\t<\/figure>\n\t\t\t\t\t\t\t\t\t<div class=\"field-image-option__label-wrapper\">\n\t\t\t\t\t\t\t\t\t\t<span class=\"field-image-option__label-code\" data-wp-text=\"context.image.letterCode\"><\/span>\n\t\t\t\t\t\t\t\t\t\t<span class=\"field-image-option__label\" data-wp-text=\"context.image.label\" data-wp-bind--hidden=\"!context.image.label\"><\/span>\n\t\t\t\t\t\t\t\t\t<\/div>\n\t\t\t\t\t\t\t\t<\/div>\n\t\t\t\t\t\t\t<\/template>\n\t\t\t\t\t\t<\/div>\n\t\t\t\t\t\t<div class=\"field-files\" data-wp-bind--hidden=\"!context.submission.files\">\n\t\t\t\t\t\t\t<template data-wp-each--file=\"context.submission.files\">\n\t\t\t\t\t\t\t\t<div class=\"field-file\">\n\t\t\t\t\t\t\t\t\t<div class=\"field-file__thumbnail\" data-wp-style--background-image=\"context.file.previewUrl\" data-wp-style--mask-image=\"context.file.iconUrl\" data-wp-bind--hidden=\"!context.file.hasPreview\"><\/div>\n\t\t\t\t\t\t\t\t\t<svg class=\"field-file__icon\" data-wp-bind--hidden=\"context.file.hasPreview\" width=\"20\" height=\"20\" viewBox=\"0 0 24 24\" fill=\"none\" xmlns=\"http:\/\/www.w3.org\/2000\/svg\" aria-hidden=\"true\">\n\t\t\t\t\t\t\t\t\t\t<path d=\"M14 2H6C4.9 2 4 2.9 4 4V20C4 21.1 4.89 22 5.99 22H18C19.1 22 20 21.1 20 20V8L14 2ZM18 20H6V4H13V9H18V20Z\" fill=\"currentColor\"\/>\n\t\t\t\t\t\t\t\t\t<\/svg>\n\t\t\t\t\t\t\t\t\t<span class=\"field-file__name\" data-wp-text=\"context.file.name\"><\/span>\n\t\t\t\t\t\t\t\t\t<span class=\"field-file__size\" data-wp-text=\"context.file.size\"><\/span>\n\t\t\t\t\t\t\t\t<\/div>\n\t\t\t\t\t\t\t<\/template>\n\t\t\t\t\t\t<\/div>\n\t\t\t\t\t<\/div>\n\t\t\t\t<\/template><\/div><form action='https:\/\/laspenitas.wordcamp.org\/2014\/registro\/'\n\t\t\t\tid='jp-form-40ec2f53dd2f5cf9c3fd4ed5a536a8fb785cb113'\n\t\t\t\tmethod='post'\n\t\t\t\tclass='contact-form commentsblock' aria-label=\"Registro\"\n\t\t\t\tdata-wp-on--submit=\"actions.onFormSubmit\"\n\t\t\t\tdata-wp-on--reset=\"actions.onFormReset\"\n\t\t\t\tdata-wp-class--submission-success=\"context.submissionSuccess\"\n\t\t\t\tdata-wp-class--is-first-step=\"state.isFirstStep\"\n\t\t\t\tdata-wp-class--is-last-step=\"state.isLastStep\"\n\t\t\t\tdata-wp-class--is-ajax-form=\"context.useAjax\"\n\t\t\t\tnovalidate >\n<input type='hidden' name='jetpack_contact_form_jwt' value='eyJ0eXAiOiJKV1QiLCJhbGciOiJIUzI1NiJ9.eyJlbmNyeXB0ZWRfYXR0cmlidXRlcyI6IlRDeWdHM29td1NYMWN3b3pZY0tMcWl6dTRRT0pudWcrS1hPOFlOWm9hdE9tK0tiM0xiQ0U1bytabDJINmJjTExEWEVxK0Zja3RhV3Eva2daMktIaTNBVlZXN2cvYzhsU0pnVnFUQTY4TXJIT2xTUTlNV3I3QWJlQm40UUxMcmxjNFZYTFZPTys4YitIZnppTEVTUzBHa3o3RTBRKzJDUjhDTVA2a0JKNUgrYUVSc1IxeUlBalk4bkN4clc3M0RVNm4zMGFIOHJZR0N6czJXb3Ntdk1XMWk2Y25SNzA0OFN5MmxHdk50ZW4yVEtIdU9YM3lST2lQVGQwK2VORFFxV0g3bithMlVHeFFJM3ZMdmxDakNESEMwcVdDMDRHVUs2Zkw1dkJhZk5ZanhabHVXUEtlU3lQRnZlb3RCZ3R5NlNleDlpSlN2ZTV1S0lTTnpiZ0NrZGhDVjBpeGpmdlI2M3FsMVhCdGZzTWFpbWF0djhHc20rcHBocUpYVTRkRGRpdWNLZkJERjdKUnNxRUY0K1dOQXYwK0R3dFc5U3BvRXY5dStIN3pQWkVkUkI0WHA1NlRWOG9Sbi9xK3g2UXhKb0ZIYUw2NlpMZW5UY1g2Y3dScEtGdjYrTUMrWHBaNUF1dGRmajR0Y09OOGxuVlVqL2RaVFlRc1JEMjNtVTNnQmNjQzZoV3g4RWFYR2JTVWpSZzFTZ3lyWjVPQmVQM0ZjdzZMbTB1SlIwMkZodVRjV1NKWkwrWUQ5OXlqMnl2cS85clI3S2piWlZqeERrSDM2RWdpZkFwNlByTnhGck01TklFUnh5dnNJMyt6b1pSWm1seUJBMC9iTUVQUXd1T3JvSFhsSkNERUY2aXIwYUoxRW5rM2tETXV2aHhxNE5FMFNjd2podmdCTnpuUklJWTJYQzAvZVpOMVE3WU1VMk5RYVVrNkJ4QWRBeUwzTHNZdmhrRHFFdFNuZUg3SXY4Rjg2RFhXYXFuZWFaTjdHQUlGK0s0ajgxRGl3aHZkUGFBalpBeWRMc2pPSFd0cng3YmNUTFZkN1habFNSdXRlcmVLZjV5OW5YRmtFWXJUUTZVMzg5V2tlRnl6M084ZkhhTzZTekllYnRCWEpQQ2ZMZm0wTkRjbCtEZmx4YThjK3YzWFZZcU8rNnYybE09IiwiY29udGVudCI6Iltjb250YWN0LWZpZWxkIGxhYmVsPSdOb21icmUnIHR5cGU9J25hbWUnIHJlcXVpcmVkPScxJy9dW2NvbnRhY3QtZmllbGQgbGFiZWw9J0VtYWlsJyB0eXBlPSdlbWFpbCcgcmVxdWlyZWQ9JzEnL11bY29udGFjdC1maWVsZCBsYWJlbD0nVGlwbyBkZSByZWdpc3RybycgdHlwZT0nc2VsZWN0JyByZXF1aXJlZD0nMScgb3B0aW9ucz0nUGFzZSBkZSB1biBkXHUwMGVkYSxQYXNlIFByZW1pdW0nL11bY29udGFjdC1maWVsZCBsYWJlbD0nQ29tZW50YXJpbycgdHlwZT0ndGV4dGFyZWEnL10iLCJoYXNoIjoiNDBlYzJmNTNkZDJmNWNmOWMzZmQ0ZWQ1YTUzNmE4ZmI3ODVjYjExMyIsInNvdXJjZSI6eyJlbnRyeV90aXRsZSI6IlJlZ2lzdHJvIiwiZW50cnlfcGFnZSI6MSwic291cmNlX2lkIjoyMDk1MzksInNvdXJjZV90eXBlIjoic2luZ2xlIiwicmVxdWVzdF91cmwiOiJodHRwczovL2xhc3Blbml0YXMud29yZGNhbXAub3JnLzIwMTQvd3AtanNvbi93cC92Mi9wYWdlcy8yMDk1MzkifSwidmVyc2lvbiI6MiwiY2lwaGVyIjoiYWVzLTI1Ni1nY20ifQ.pnLRrFybO_0zrXETys5PvWvQwOxO6YvDZQgNW17JQog' \/>\n\n<div style=\"\"  data-wp-interactive=\"jetpack\/form\" data-wp-context='{\"fieldId\":\"g209539-nombre\",\"fieldType\":\"name\",\"fieldLabel\":\"Nombre\",\"fieldValue\":\"\",\"fieldPlaceholder\":\"\",\"fieldIsRequired\":\"1\",\"fieldErrorMessage\":\"\",\"fieldExtra\":[],\"formHash\":\"40ec2f53dd2f5cf9c3fd4ed5a536a8fb785cb113\"}'  class='grunion-field-name-wrap grunion-field-wrap'  data-wp-init='callbacks.initializeField' data-wp-on--jetpack-form-reset='callbacks.initializeField' >\n<label\n\t\t\t\tfor='g209539-nombre' class=\"grunion-field-label name\" >Nombre<span class=\"grunion-label-required\" aria-hidden=\"true\">(obligatorio)<\/span><\/label>\n<input\n\t\t\t\t\ttype='text'\n\t\t\t\t\tname='g209539-nombre'\n\t\t\t\t\tid='g209539-nombre'\n\t\t\t\t\tvalue=''\n\n\t\t\t\t\tdata-wp-bind--aria-invalid='state.fieldAriaInvalid'\n\t\t\t\t\tdata-wp-bind--value='state.getFieldValue'\n\t\t\t\t\taria-describedby='g209539-nombre-text-error-message'\n\t\t\t\t\tdata-wp-on--input='actions.onFieldChange'\n\t\t\t\t\tdata-wp-on--blur='actions.onFieldBlur'\n\t\t\t\t\tdata-wp-class--has-value='state.hasFieldValue'\n\n\t\t\t\t\tclass='name  grunion-field' \n\t\t\t\t\trequired='true' aria-required='true'  \/>\n \n\t\t\t<div id=\"g209539-nombre-text-error\" class=\"contact-form__input-error\" data-wp-class--has-errors=\"state.fieldHasErrors\">\n\t\t\t\t<span class=\"contact-form__warning-icon\" aria-hidden=\"true\">\n\t\t\t\t\t<svg width=\"16\" height=\"16\" viewBox=\"0 0 16 16\" fill=\"none\" xmlns=\"http:\/\/www.w3.org\/2000\/svg\">\n\t\t\t\t\t\t<path d=\"M8.50015 11.6402H7.50015V10.6402H8.50015V11.6402Z\" \/>\n\t\t\t\t\t\t<path d=\"M7.50015 9.64018H8.50015V6.30684H7.50015V9.64018Z\" \/>\n\t\t\t\t\t\t<path fill-rule=\"evenodd\" clip-rule=\"evenodd\" d=\"M6.98331 3.0947C7.42933 2.30177 8.57096 2.30177 9.01698 3.09469L13.8771 11.7349C14.3145 12.5126 13.7525 13.4735 12.8602 13.4735H3.14004C2.24774 13.4735 1.68575 12.5126 2.12321 11.7349L6.98331 3.0947ZM8.14541 3.58496C8.08169 3.47168 7.9186 3.47168 7.85488 3.58496L2.99478 12.2251C2.93229 12.3362 3.01257 12.4735 3.14004 12.4735H12.8602C12.9877 12.4735 13.068 12.3362 13.0055 12.2251L8.14541 3.58496Z\" \/>\n\t\t\t\t\t<\/svg>\n\t\t\t\t<\/span>\n\t\t\t\t<span data-wp-text=\"state.errorMessage\" id=\"g209539-nombre-text-error-message\"><\/span>\n\t\t\t<\/div> \n\t<\/div>\n\n<div style=\"\"  data-wp-interactive=\"jetpack\/form\" data-wp-context='{\"fieldId\":\"g209539-email\",\"fieldType\":\"email\",\"fieldLabel\":\"Email\",\"fieldValue\":\"\",\"fieldPlaceholder\":\"\",\"fieldIsRequired\":\"1\",\"fieldErrorMessage\":\"\",\"fieldExtra\":[],\"formHash\":\"40ec2f53dd2f5cf9c3fd4ed5a536a8fb785cb113\"}'  class='grunion-field-email-wrap grunion-field-wrap'  data-wp-init='callbacks.initializeField' data-wp-on--jetpack-form-reset='callbacks.initializeField' >\n<label\n\t\t\t\tfor='g209539-email' class=\"grunion-field-label email\" >Email<span class=\"grunion-label-required\" aria-hidden=\"true\">(obligatorio)<\/span><\/label>\n<input\n\t\t\t\t\ttype='email'\n\t\t\t\t\tname='g209539-email'\n\t\t\t\t\tid='g209539-email'\n\t\t\t\t\tvalue=''\n\n\t\t\t\t\tdata-wp-bind--aria-invalid='state.fieldAriaInvalid'\n\t\t\t\t\tdata-wp-bind--value='state.getFieldValue'\n\t\t\t\t\taria-describedby='g209539-email-email-error-message'\n\t\t\t\t\tdata-wp-on--input='actions.onFieldChange'\n\t\t\t\t\tdata-wp-on--blur='actions.onFieldBlur'\n\t\t\t\t\tdata-wp-class--has-value='state.hasFieldValue'\n\n\t\t\t\t\tclass='email  grunion-field' \n\t\t\t\t\trequired='true' aria-required='true'  \/>\n \n\t\t\t<div id=\"g209539-email-email-error\" class=\"contact-form__input-error\" data-wp-class--has-errors=\"state.fieldHasErrors\">\n\t\t\t\t<span class=\"contact-form__warning-icon\" aria-hidden=\"true\">\n\t\t\t\t\t<svg width=\"16\" height=\"16\" viewBox=\"0 0 16 16\" fill=\"none\" xmlns=\"http:\/\/www.w3.org\/2000\/svg\">\n\t\t\t\t\t\t<path d=\"M8.50015 11.6402H7.50015V10.6402H8.50015V11.6402Z\" \/>\n\t\t\t\t\t\t<path d=\"M7.50015 9.64018H8.50015V6.30684H7.50015V9.64018Z\" \/>\n\t\t\t\t\t\t<path fill-rule=\"evenodd\" clip-rule=\"evenodd\" d=\"M6.98331 3.0947C7.42933 2.30177 8.57096 2.30177 9.01698 3.09469L13.8771 11.7349C14.3145 12.5126 13.7525 13.4735 12.8602 13.4735H3.14004C2.24774 13.4735 1.68575 12.5126 2.12321 11.7349L6.98331 3.0947ZM8.14541 3.58496C8.08169 3.47168 7.9186 3.47168 7.85488 3.58496L2.99478 12.2251C2.93229 12.3362 3.01257 12.4735 3.14004 12.4735H12.8602C12.9877 12.4735 13.068 12.3362 13.0055 12.2251L8.14541 3.58496Z\" \/>\n\t\t\t\t\t<\/svg>\n\t\t\t\t<\/span>\n\t\t\t\t<span data-wp-text=\"state.errorMessage\" id=\"g209539-email-email-error-message\"><\/span>\n\t\t\t<\/div> \n\t<\/div>\n\n<div style=\"\"  data-wp-interactive=\"jetpack\/form\" data-wp-context='{\"fieldId\":\"g209539-tipoderegistro\",\"fieldType\":\"select\",\"fieldLabel\":\"Tipo de registro\",\"fieldValue\":\"\",\"fieldPlaceholder\":\"\",\"fieldIsRequired\":\"1\",\"fieldErrorMessage\":\"\",\"fieldExtra\":[],\"formHash\":\"40ec2f53dd2f5cf9c3fd4ed5a536a8fb785cb113\"}'  class='grunion-field-select-wrap grunion-field-wrap'  data-wp-init='callbacks.initializeField' data-wp-on--jetpack-form-reset='callbacks.initializeField' >\n<label\n\t\t\t\tfor='g209539-tipoderegistro' class=\"grunion-field-label select\" >Tipo de registro<span class=\"grunion-label-required\" aria-hidden=\"true\">(obligatorio)<\/span><\/label>\n<div class=\"contact-form__select-wrapper select  grunion-field\"  style=''>\t<span class='contact-form__select-element-wrapper'><select name='g209539-tipoderegistro' id='g209539-tipoderegistro' required aria-required='true' data-wp-on--change='actions.onFieldChange' data-wp-bind--aria-invalid='state.fieldAriaInvalid' >\n\t\t<option value='Pase de un d\u00eda'>Pase de un d\u00eda<\/option>\n\t\t<option value='Pase Premium'>Pase Premium<\/option>\n\t<\/select><span class='jetpack-field-dropdown__icon'><\/span><\/span>\n<\/div>\n\n\t\t\t<div id=\"g209539-tipoderegistro-select-error\" class=\"contact-form__input-error\" data-wp-class--has-errors=\"state.fieldHasErrors\">\n\t\t\t\t<span class=\"contact-form__warning-icon\" aria-hidden=\"true\">\n\t\t\t\t\t<svg width=\"16\" height=\"16\" viewBox=\"0 0 16 16\" fill=\"none\" xmlns=\"http:\/\/www.w3.org\/2000\/svg\">\n\t\t\t\t\t\t<path d=\"M8.50015 11.6402H7.50015V10.6402H8.50015V11.6402Z\" \/>\n\t\t\t\t\t\t<path d=\"M7.50015 9.64018H8.50015V6.30684H7.50015V9.64018Z\" \/>\n\t\t\t\t\t\t<path fill-rule=\"evenodd\" clip-rule=\"evenodd\" d=\"M6.98331 3.0947C7.42933 2.30177 8.57096 2.30177 9.01698 3.09469L13.8771 11.7349C14.3145 12.5126 13.7525 13.4735 12.8602 13.4735H3.14004C2.24774 13.4735 1.68575 12.5126 2.12321 11.7349L6.98331 3.0947ZM8.14541 3.58496C8.08169 3.47168 7.9186 3.47168 7.85488 3.58496L2.99478 12.2251C2.93229 12.3362 3.01257 12.4735 3.14004 12.4735H12.8602C12.9877 12.4735 13.068 12.3362 13.0055 12.2251L8.14541 3.58496Z\" \/>\n\t\t\t\t\t<\/svg>\n\t\t\t\t<\/span>\n\t\t\t\t<span data-wp-text=\"state.errorMessage\" id=\"g209539-tipoderegistro-select-error-message\"><\/span>\n\t\t\t<\/div>\t<\/div>\n\n<div style=\"\"  data-wp-interactive=\"jetpack\/form\" data-wp-context='{\"fieldId\":\"g209539-comentario\",\"fieldType\":\"textarea\",\"fieldLabel\":\"Comentario\",\"fieldValue\":\"\",\"fieldPlaceholder\":\"\",\"fieldIsRequired\":\"\",\"fieldErrorMessage\":\"\",\"fieldExtra\":[],\"formHash\":\"40ec2f53dd2f5cf9c3fd4ed5a536a8fb785cb113\"}'  class='grunion-field-textarea-wrap grunion-field-wrap'  data-wp-init='callbacks.initializeField' data-wp-on--jetpack-form-reset='callbacks.initializeField' >\n<label\n\t\t\t\tfor='contact-form-comment-g209539-comentario' class=\"grunion-field-label textarea\" >Comentario<\/label>\n<textarea\n\t\t                style=''\n\t\t                name='g209539-comentario'\n\t\t                id='contact-form-comment-g209539-comentario'\n\t\t                rows='20'\n\t\t\t\t\t\tdata-wp-text='state.getFieldValue'\n\t\t\t\t\t\tdata-wp-on--input='actions.onFieldChange'\n\t\t\t\t\t\tdata-wp-on--blur='actions.onFieldBlur'\n\t\t\t\t\t\tdata-wp-class--has-value='state.hasFieldValue'\n\t\t\t\t\t\taria-describedby='g209539-comentario-textarea-error-message'\n\t\t\t\t\t\tdata-wp-bind--aria-invalid='state.fieldAriaInvalid'\n\t\t\t\t\t\tclass='textarea  grunion-field'  ><\/textarea>\n \n\t\t\t<div id=\"g209539-comentario-textarea-error\" class=\"contact-form__input-error\" data-wp-class--has-errors=\"state.fieldHasErrors\">\n\t\t\t\t<span class=\"contact-form__warning-icon\" aria-hidden=\"true\">\n\t\t\t\t\t<svg width=\"16\" height=\"16\" viewBox=\"0 0 16 16\" fill=\"none\" xmlns=\"http:\/\/www.w3.org\/2000\/svg\">\n\t\t\t\t\t\t<path d=\"M8.50015 11.6402H7.50015V10.6402H8.50015V11.6402Z\" \/>\n\t\t\t\t\t\t<path d=\"M7.50015 9.64018H8.50015V6.30684H7.50015V9.64018Z\" \/>\n\t\t\t\t\t\t<path fill-rule=\"evenodd\" clip-rule=\"evenodd\" d=\"M6.98331 3.0947C7.42933 2.30177 8.57096 2.30177 9.01698 3.09469L13.8771 11.7349C14.3145 12.5126 13.7525 13.4735 12.8602 13.4735H3.14004C2.24774 13.4735 1.68575 12.5126 2.12321 11.7349L6.98331 3.0947ZM8.14541 3.58496C8.08169 3.47168 7.9186 3.47168 7.85488 3.58496L2.99478 12.2251C2.93229 12.3362 3.01257 12.4735 3.14004 12.4735H12.8602C12.9877 12.4735 13.068 12.3362 13.0055 12.2251L8.14541 3.58496Z\" \/>\n\t\t\t\t\t<\/svg>\n\t\t\t\t<\/span>\n\t\t\t\t<span data-wp-text=\"state.errorMessage\" id=\"g209539-comentario-textarea-error-message\"><\/span>\n\t\t\t<\/div>\n\t<\/div>\n\t<p class='contact-submit'>\n<div class=\"contact-form__error\" data-wp-class--show-errors=\"state.showFormErrors\"><span class=\"contact-form__warning-icon\" aria-hidden=\"true\"><i><\/i><\/span><span class=\"contact-form__error-message\" tabindex=\"-1\" data-wp-watch=\"callbacks.focusOnValidationError\" data-wp-text=\"state.getFormErrorMessage\"><\/span><ul aria-label=\"Form errors\">\n\t\t\t\t<template data-wp-each=\"state.getErrorList\" data-wp-key=\"context.item.id\">\n\t\t\t\t\t<li><a data-wp-bind--href=\"context.item.anchor\" data-wp-on--click=\"actions.scrollIntoView\" data-wp-text=\"context.item.label\"><\/a><\/li>\n\t\t\t\t<\/template>\n\t\t\t\t<\/ul><\/div><div class=\"contact-form__error\" data-wp-class--show-errors=\"state.showSubmissionError\" data-wp-text=\"context.submissionError\" tabindex=\"-1\" data-wp-watch=\"callbacks.focusOnSubmissionError\"><\/div>\t\t<button type='submit' class='pushbutton-wide'>Enviar<\/button>\t\t<input type='hidden' name='contact-form-id' value='209539' \/>\n\t\t<input type='hidden' name='action' value='grunion-contact-form' \/>\n\t\t<input type='hidden' name='contact-form-hash' value='40ec2f53dd2f5cf9c3fd4ed5a536a8fb785cb113' \/>\n\t<\/p>\n<p style=\"display: none !important;\" class=\"akismet-fields-container\" data-prefix=\"ak_\"><label>&#916;<textarea name=\"ak_hp_textarea\" cols=\"45\" rows=\"8\" maxlength=\"100\"><\/textarea><\/label><input type=\"hidden\" id=\"ak_js_1\" name=\"ak_js\" value=\"152\"\/><script type=\"text\/javascript\">\n\/* <![CDATA[ *\/\ndocument.getElementById( \"ak_js_1\" ).setAttribute( \"value\", ( new Date() ).getTime() );\n\/* ]]> *\/\n<\/script>\n<\/p><\/form>\n<\/div>\n","protected":false},"excerpt":{"rendered":"<p>Llene el formulario de pre-registro para inscribirse en el WordCamp Las Pe\u00f1itas 2014. Nota: Cupo limitado. Costos de inscripci\u00f3n Tenemos dos tarifas de participaci\u00f3n al evento; Acceso total y Pase de un d\u00eda y Premium. Nota: Se agotaron los tickets &hellip; <a href=\"https:\/\/laspenitas.wordcamp.org\/2014\/registro\/\">Sigue leyendo <span class=\"screen-reader-text\">Registro<\/span>  <span class=\"meta-nav\">&rarr;<\/span><\/a><\/p>\n","protected":false},"author":10987929,"featured_media":0,"parent":0,"menu_order":0,"comment_status":"closed","ping_status":"closed","template":"","meta":{"jetpack_post_was_ever_published":false,"footnotes":""},"class_list":["post-209539","page","type-page","status-publish","hentry"],"jetpack_sharing_enabled":true,"_links":{"self":[{"href":"https:\/\/laspenitas.wordcamp.org\/2014\/wp-json\/wp\/v2\/pages\/209539","targetHints":{"allow":["GET"]}}],"collection":[{"href":"https:\/\/laspenitas.wordcamp.org\/2014\/wp-json\/wp\/v2\/pages"}],"about":[{"href":"https:\/\/laspenitas.wordcamp.org\/2014\/wp-json\/wp\/v2\/types\/page"}],"author":[{"embeddable":true,"href":"https:\/\/laspenitas.wordcamp.org\/2014\/wp-json\/wp\/v2\/users\/10987929"}],"replies":[{"embeddable":true,"href":"https:\/\/laspenitas.wordcamp.org\/2014\/wp-json\/wp\/v2\/comments?post=209539"}],"version-history":[{"count":7,"href":"https:\/\/laspenitas.wordcamp.org\/2014\/wp-json\/wp\/v2\/pages\/209539\/revisions"}],"predecessor-version":[{"id":209576,"href":"https:\/\/laspenitas.wordcamp.org\/2014\/wp-json\/wp\/v2\/pages\/209539\/revisions\/209576"}],"wp:attachment":[{"href":"https:\/\/laspenitas.wordcamp.org\/2014\/wp-json\/wp\/v2\/media?parent=209539"}],"curies":[{"name":"wp","href":"https:\/\/api.w.org\/{rel}","templated":true}]}}