{"id":209517,"date":"2014-04-25T14:48:59","date_gmt":"2014-04-25T14:48:59","guid":{"rendered":"https:\/\/2014.laspenitas.wordcamp.org\/?page_id=209517"},"modified":"2014-04-25T14:48:59","modified_gmt":"2014-04-25T14:48:59","slug":"como-llegar","status":"publish","type":"page","link":"https:\/\/laspenitas.wordcamp.org\/2014\/como-llegar\/","title":{"rendered":"C\u00f3mo llegar"},"content":{"rendered":"<p><strong>Desde Managua a Le\u00f3n<\/strong><\/p>\n<p>Tome un bus interlocal desde la <a href=\"http:\/\/www.openstreetmap.org\/?mlat=12.12660&amp;mlon=-86.27187#map=19\/12.12661\/-86.27187\" target=\"_blank\">terminal<\/a> ubicada frente a la Universidad Centroamericana (UCA). Los buses salen regularmente a partir de las 5 de la ma\u00f1ana. El costo del pasaje es de C$ 51 (aprox. 2 d\u00f3lares).<\/p>\n<p>El viaje desde Managua a Le\u00f3n es directo y tarda alrededor de 1 hora y media. La <a href=\"http:\/\/www.openstreetmap.org\/?mlat=12.44276&amp;mlon=-86.86779#map=17\/12.44276\/-86.86779\" target=\"_blank\">terminal de buses en la ciudad de Le\u00f3n<\/a> queda en el Barrio El Coyolar.<\/p>\n<p><strong>Desde Le\u00f3n a Las Pe\u00f1itas<\/strong><\/p>\n<p>De la terminal de buses interurbanos tienes que tomar un bus local (C$ 4, USD 0.15) o taxi hasta el <a href=\"http:\/\/www.openstreetmap.org\/?mlat=12.43480&amp;mlon=-86.89620#map=17\/12.43480\/-86.89620&amp;layers=N\" target=\"_blank\">Mercadito de Subtiava<\/a>. De ah\u00ed salen los buses hac\u00eda Poneloya y Las Pe\u00f1itas cada 40 minutos aproximadamente.<\/p>\n<p>El viaje en bus cuesta C$ 12 (USD 0.46) y tarda unos 30-40 minutos. El bus primero viaja hasta Poneloya, hace una espera de unos cinco minutos y continua su viaje hasta Las Pe\u00f1itas. Pide al chofer que te avise donde bajarte en <a href=\"http:\/\/www.openstreetmap.org\/?mlat=12.3591&amp;mlon=-87.0210#map=16\/12.3591\/-87.0210\" target=\"_blank\">Suyapa Beach<\/a>.<\/p>\n","protected":false},"excerpt":{"rendered":"<p>Desde Managua a Le\u00f3n Tome un bus interlocal desde la terminal ubicada frente a la Universidad Centroamericana (UCA). Los buses salen regularmente a partir de las 5 de la ma\u00f1ana. El costo del pasaje es de C$ 51 (aprox. 2 &hellip; <a href=\"https:\/\/laspenitas.wordcamp.org\/2014\/como-llegar\/\">Sigue leyendo <span class=\"screen-reader-text\">C\u00f3mo llegar<\/span>  <span class=\"meta-nav\">&rarr;<\/span><\/a><\/p>\n","protected":false},"author":10987929,"featured_media":0,"parent":0,"menu_order":0,"comment_status":"closed","ping_status":"closed","template":"","meta":{"jetpack_post_was_ever_published":false,"footnotes":""},"class_list":["post-209517","page","type-page","status-publish","hentry"],"jetpack_sharing_enabled":true,"_links":{"self":[{"href":"https:\/\/laspenitas.wordcamp.org\/2014\/wp-json\/wp\/v2\/pages\/209517","targetHints":{"allow":["GET"]}}],"collection":[{"href":"https:\/\/laspenitas.wordcamp.org\/2014\/wp-json\/wp\/v2\/pages"}],"about":[{"href":"https:\/\/laspenitas.wordcamp.org\/2014\/wp-json\/wp\/v2\/types\/page"}],"author":[{"embeddable":true,"href":"https:\/\/laspenitas.wordcamp.org\/2014\/wp-json\/wp\/v2\/users\/10987929"}],"replies":[{"embeddable":true,"href":"https:\/\/laspenitas.wordcamp.org\/2014\/wp-json\/wp\/v2\/comments?post=209517"}],"version-history":[{"count":2,"href":"https:\/\/laspenitas.wordcamp.org\/2014\/wp-json\/wp\/v2\/pages\/209517\/revisions"}],"predecessor-version":[{"id":209519,"href":"https:\/\/laspenitas.wordcamp.org\/2014\/wp-json\/wp\/v2\/pages\/209517\/revisions\/209519"}],"wp:attachment":[{"href":"https:\/\/laspenitas.wordcamp.org\/2014\/wp-json\/wp\/v2\/media?parent=209517"}],"curies":[{"name":"wp","href":"https:\/\/api.w.org\/{rel}","templated":true}]}}