{"id":209458,"date":"2014-04-23T03:54:43","date_gmt":"2014-04-23T03:54:43","guid":{"rendered":"https:\/\/2014.laspenitas.wordcamp.org\/?page_id=209458"},"modified":"2014-05-08T16:12:28","modified_gmt":"2014-05-08T16:12:28","slug":"ponentes","status":"publish","type":"page","link":"https:\/\/laspenitas.wordcamp.org\/2014\/ponentes\/","title":{"rendered":"Ponentes"},"content":{"rendered":"\n\t\t<div class=\"cpt-loop speaker-gravatar-list clearfix\">\n\t\t\t<p>\n\t\t\t\t\t\t\t<a href='#arnold-roa' title='Arnold Roa'><img alt='' src='https:\/\/secure.gravatar.com\/avatar\/deeb47d6ae46be1eec2a93060670e15445625e8c4fcd300cdce20e72820191ec?s=48&#038;d=mm&#038;r=g' srcset='https:\/\/secure.gravatar.com\/avatar\/deeb47d6ae46be1eec2a93060670e15445625e8c4fcd300cdce20e72820191ec?s=96&#038;d=mm&#038;r=g 2x' class='avatar avatar-48 photo' height='48' width='48' \/><\/a>\t\t\t\t\t\t\t<a href='#damian-suarez' title='Dami\u00e1n Suarez'><img alt='' src='https:\/\/secure.gravatar.com\/avatar\/9ff3405a86b8178158b444dc6b44fc3ef321c9641b6d95a769956e7b50c26909?s=48&#038;d=mm&#038;r=g' srcset='https:\/\/secure.gravatar.com\/avatar\/9ff3405a86b8178158b444dc6b44fc3ef321c9641b6d95a769956e7b50c26909?s=96&#038;d=mm&#038;r=g 2x' class='avatar avatar-48 photo' height='48' width='48' \/><\/a>\t\t\t\t\t\t\t<a href='#karen-arnold' title='Karen Arnold'><img alt='' src='https:\/\/secure.gravatar.com\/avatar\/e41437c92d1ebdb226a8904fab493b3a5fc45aba0671547be8b39c707d9ba851?s=48&#038;d=mm&#038;r=g' srcset='https:\/\/secure.gravatar.com\/avatar\/e41437c92d1ebdb226a8904fab493b3a5fc45aba0671547be8b39c707d9ba851?s=96&#038;d=mm&#038;r=g 2x' class='avatar avatar-48 photo' height='48' width='48' \/><\/a>\t\t\t\t\t\t\t<a href='#lance-willett' title='Lance Willett'><img alt='' src='https:\/\/secure.gravatar.com\/avatar\/1da69e42ff39cbf35536bb5f9d12f76261f91358542112faeb02d6187b09ce6c?s=48&#038;d=mm&#038;r=g' srcset='https:\/\/secure.gravatar.com\/avatar\/1da69e42ff39cbf35536bb5f9d12f76261f91358542112faeb02d6187b09ce6c?s=96&#038;d=mm&#038;r=g 2x' class='avatar avatar-48 photo' height='48' width='48' \/><\/a>\t\t\t\t\t\t\t<a href='#mike-schroder' title='Mike Schroder'><img alt='' src='https:\/\/secure.gravatar.com\/avatar\/8dcd67487651b5b29a1ea03ce11f8515bc2f1dc798c569a4ba2ebcfc942e57f2?s=48&#038;d=mm&#038;r=g' srcset='https:\/\/secure.gravatar.com\/avatar\/8dcd67487651b5b29a1ea03ce11f8515bc2f1dc798c569a4ba2ebcfc942e57f2?s=96&#038;d=mm&#038;r=g 2x' class='avatar avatar-48 photo' height='48' width='48' \/><\/a>\t\t\t\t\t\t<\/p>\n\t\t<\/div>\n\n\t\t\t\t\n\t\t<div class=\"cpt-loop speakers\">\n\t\t\t<div class=\"grid_6 alpha\">\n\n\t\t\t\t\n\t\t\t\t\t\n\t\t\t\t\t<div id=\"arnold-roa\" class=\"speaker clearfix odd post-209470 wcb_speaker type-wcb_speaker status-publish hentry\" >\n\t\t\t\t\t\t<h3 class=\"entry-title speaker-name\">Arnold Roa<\/h3>\n\t\t\t\t\t\t<div class=\"entry-content speaker-bio\">\n\t\t\t\t\t\t<img alt='' src='https:\/\/secure.gravatar.com\/avatar\/deeb47d6ae46be1eec2a93060670e15445625e8c4fcd300cdce20e72820191ec?s=102&#038;d=mm&#038;r=g' srcset='https:\/\/secure.gravatar.com\/avatar\/deeb47d6ae46be1eec2a93060670e15445625e8c4fcd300cdce20e72820191ec?s=204&#038;d=mm&#038;r=g 2x' class='avatar avatar-102 photo' height='102' width='102' \/><p>Arnold Roa es un desarrollador y evangelizador de la compa\u00f1\u00eda <a href=\"http:\/\/www.onthegosystems.com\/\" target=\"_blank\">OnTheGo<\/a>, los creadores del plugin <a href=\"http:\/\/wpml.org\/es\/\" target=\"_blank\">WPML<\/a>, el plugin multiling\u00fce de WordPress utilizado en m\u00e1s de 400,000 sitios web alrededor del mundo.<\/p>\n\t\t\t\t\t\t<\/div>\n\t\t\t\t\t<\/div>\n\t\t\t\t\n\t\t\t\t\t\n\t\t\t\t\t<div id=\"damian-suarez\" class=\"speaker clearfix even post-209598 wcb_speaker type-wcb_speaker status-publish hentry\" >\n\t\t\t\t\t\t<h3 class=\"entry-title speaker-name\">Dami\u00e1n Suarez<\/h3>\n\t\t\t\t\t\t<div class=\"entry-content speaker-bio\">\n\t\t\t\t\t\t<img alt='' src='https:\/\/secure.gravatar.com\/avatar\/9ff3405a86b8178158b444dc6b44fc3ef321c9641b6d95a769956e7b50c26909?s=102&#038;d=mm&#038;r=g' srcset='https:\/\/secure.gravatar.com\/avatar\/9ff3405a86b8178158b444dc6b44fc3ef321c9641b6d95a769956e7b50c26909?s=204&#038;d=mm&#038;r=g 2x' class='avatar avatar-102 photo' height='102' width='102' \/><p><a href=\"http:\/\/retrofox.me\/\" target=\"_blank\">Dami\u00e1n<\/a> adora trabajar en Automattic como Code Wrangler desde el primer d\u00eda. En los \u00faltimos a\u00f1os especializado en javascript no ha olvidado del todo sus viejas querencias como PHP y Symfony. Prefiere no emitir opini\u00f3n respecto a su antigua relaci\u00f3n con VisualBasic.<\/p>\n<p>Todav\u00eda se emociona al recordar con nostalgia lo que para \u00e9l es el mejor juego del mundo: Abu Simbel en una no tan antigua CZ Spectrum.<\/p>\n<p>Rodeado de &#8216;ellas&#8217; no tiene paz. Sus tres gatas, su recordada perra, sus dos hermosas hijas y su mujer hacen de \u00e9l de una persona casi tan feliz como orgullosa.<\/p>\n\t\t\t\t\t\t<\/div>\n\t\t\t\t\t<\/div>\n\t\t\t\t\n\t\t\t\t\t\n\t\t\t\t\t<div id=\"karen-arnold\" class=\"speaker clearfix odd post-209451 wcb_speaker type-wcb_speaker status-publish hentry\" >\n\t\t\t\t\t\t<h3 class=\"entry-title speaker-name\">Karen Arnold<\/h3>\n\t\t\t\t\t\t<div class=\"entry-content speaker-bio\">\n\t\t\t\t\t\t<img alt='' src='https:\/\/secure.gravatar.com\/avatar\/e41437c92d1ebdb226a8904fab493b3a5fc45aba0671547be8b39c707d9ba851?s=102&#038;d=mm&#038;r=g' srcset='https:\/\/secure.gravatar.com\/avatar\/e41437c92d1ebdb226a8904fab493b3a5fc45aba0671547be8b39c707d9ba851?s=204&#038;d=mm&#038;r=g 2x' class='avatar avatar-102 photo' height='102' width='102' \/><p>Karen Arnold y su esposo, 4 hijos, y 4 gatos viven en la soleada Albuquerque, en Nuevo Mexico, en los Estados Unidos. Ella trabaja como Happiness Engineer con el equipo de soporte de WordPress.com. Cuando no esta trabajando, ella ayuda a su marido a educar a sus energ\u00e9ticos hijos, intenta escribir regularmente en su blog (<a href=\"http:\/\/karenalma.com\" target=\"_blank\">karenalma.com<\/a>), e inventa nuevas formas para organizar y reunir a todos los usuarios de WordPress en Nuevo Mexico.<\/p>\n\t\t\t\t\t\t<\/div>\n\t\t\t\t\t<\/div>\n\t\t\t\t\n\t\t\t\t\t<\/div><div class=\"grid_6 omega\">\n\t\t\t\t\t<div id=\"lance-willett\" class=\"speaker clearfix even post-209448 wcb_speaker type-wcb_speaker status-publish hentry\" >\n\t\t\t\t\t\t<h3 class=\"entry-title speaker-name\">Lance Willett<\/h3>\n\t\t\t\t\t\t<div class=\"entry-content speaker-bio\">\n\t\t\t\t\t\t<img alt='' src='https:\/\/secure.gravatar.com\/avatar\/1da69e42ff39cbf35536bb5f9d12f76261f91358542112faeb02d6187b09ce6c?s=102&#038;d=mm&#038;r=g' srcset='https:\/\/secure.gravatar.com\/avatar\/1da69e42ff39cbf35536bb5f9d12f76261f91358542112faeb02d6187b09ce6c?s=204&#038;d=mm&#038;r=g 2x' class='avatar avatar-102 photo' height='102' width='102' \/><p>Lance Willett es un desarrollador web especializado en themes para WordPress y l\u00edder del grupo \u00abTheme Division\u00bb en <a href=\"http:\/\/automattic.com\/\" target=\"_blank\">Automattic<\/a> &#8212; lanzando y mejorando los themes y las utilidades de dise\u00f1o para WordPress.com.<\/p>\n<p>Vive a la orilla del desierto Sonora (Tucson, Arizona, EE.UU.) con su esposa y dos gatos m\u00e1s traviesos que adorables. Lance tambi\u00e9n se encarga de los themes por defecto dentro del proyecto principal de WordPress &#8212; Twenty Fourteen y anteriores.<\/p>\n\t\t\t\t\t\t<\/div>\n\t\t\t\t\t<\/div>\n\t\t\t\t\n\t\t\t\t\t\n\t\t\t\t\t<div id=\"mike-schroder\" class=\"speaker clearfix odd post-209467 wcb_speaker type-wcb_speaker status-publish hentry\" >\n\t\t\t\t\t\t<h3 class=\"entry-title speaker-name\">Mike Schroder<\/h3>\n\t\t\t\t\t\t<div class=\"entry-content speaker-bio\">\n\t\t\t\t\t\t<img alt='' src='https:\/\/secure.gravatar.com\/avatar\/8dcd67487651b5b29a1ea03ce11f8515bc2f1dc798c569a4ba2ebcfc942e57f2?s=102&#038;d=mm&#038;r=g' srcset='https:\/\/secure.gravatar.com\/avatar\/8dcd67487651b5b29a1ea03ce11f8515bc2f1dc798c569a4ba2ebcfc942e57f2?s=204&#038;d=mm&#038;r=g 2x' class='avatar avatar-102 photo' height='102' width='102' \/><p>Mike Schroder, conocido como Shredder en la comunidad WordPress, es un aficionado al caf\u00e9, navegador de vela, y colaborador del software libre que creci\u00f3 en los EEUU y Andaluc\u00eda. Trabaja con la empresa de hosting web <a href=\"http:\/\/www.dreamhost.com\/\" target=\"_blank\">DreamHost<\/a> en varios proyectos de WordPress, incluyendo DreamPress, tambi\u00e9n colaborando con WordPress core y WP-CLI.  Le pueden encontrar escribiendo de varios t\u00f3picos inform\u00e1ticos en <a href=\"http:\/\/www.getsource.net\" target=\"_blank\">GetSource.net<\/a>.<\/p>\n\t\t\t\t\t\t<\/div>\n\t\t\t\t\t<\/div>\n\t\t\t\t\n\t\t\t<\/div>\n\t\t<\/div>\n\n\t\t\n","protected":false},"excerpt":{"rendered":"","protected":false},"author":10987929,"featured_media":0,"parent":0,"menu_order":0,"comment_status":"closed","ping_status":"closed","template":"","meta":{"jetpack_post_was_ever_published":false,"footnotes":""},"class_list":["post-209458","page","type-page","status-publish","hentry"],"jetpack_sharing_enabled":true,"_links":{"self":[{"href":"https:\/\/laspenitas.wordcamp.org\/2014\/wp-json\/wp\/v2\/pages\/209458","targetHints":{"allow":["GET"]}}],"collection":[{"href":"https:\/\/laspenitas.wordcamp.org\/2014\/wp-json\/wp\/v2\/pages"}],"about":[{"href":"https:\/\/laspenitas.wordcamp.org\/2014\/wp-json\/wp\/v2\/types\/page"}],"author":[{"embeddable":true,"href":"https:\/\/laspenitas.wordcamp.org\/2014\/wp-json\/wp\/v2\/users\/10987929"}],"replies":[{"embeddable":true,"href":"https:\/\/laspenitas.wordcamp.org\/2014\/wp-json\/wp\/v2\/comments?post=209458"}],"version-history":[{"count":8,"href":"https:\/\/laspenitas.wordcamp.org\/2014\/wp-json\/wp\/v2\/pages\/209458\/revisions"}],"predecessor-version":[{"id":209462,"href":"https:\/\/laspenitas.wordcamp.org\/2014\/wp-json\/wp\/v2\/pages\/209458\/revisions\/209462"}],"wp:attachment":[{"href":"https:\/\/laspenitas.wordcamp.org\/2014\/wp-json\/wp\/v2\/media?parent=209458"}],"curies":[{"name":"wp","href":"https:\/\/api.w.org\/{rel}","templated":true}]}}