{"id":2083,"date":"2014-03-01T03:55:20","date_gmt":"2014-03-01T03:55:20","guid":{"rendered":"https:\/\/2014.laspenitas.wordcamp.org\/?page_id=2083"},"modified":"2014-04-23T05:53:29","modified_gmt":"2014-04-23T05:53:29","slug":"patrocinadores","status":"publish","type":"page","link":"https:\/\/laspenitas.wordcamp.org\/2014\/patrocinadores\/","title":{"rendered":"Patrocinadores"},"content":{"rendered":"\n\t\t<div class=\"sponsors\">\n\t\t\t\t\t\t\t\n\t\t\t\t<div class=\"sponsor-level patrocinador-oro\">\n\t\t\t\t\t<h2 class=\"sponsor-level-title\">\n\t\t\t\t\t\tPatrocinador Oro\t\t\t\t\t<\/h2>\n\n\t\t\t\t\t\n\t\t\t\t\t<div id=\"post-5744\" class=\"sponsor post-5744 wcb_sponsor type-wcb_sponsor status-publish has-post-thumbnail hentry wcb_sponsor_level-patrocinador-oro\" >\n\t\t\t\t\t\t<h3 class=\"entry-title sponsor-title\">\n\t\t\t\t\t\t\t<a href=\"https:\/\/laspenitas.wordcamp.org\/2014\/sponsor\/monchito-net\/\">\n\t\t\t\t\t\t\t\t<img loading=\"lazy\" decoding=\"async\" width=\"120\" height=\"85\" src=\"https:\/\/laspenitas.wordcamp.org\/2014\/files\/2014\/03\/logo-monchito-w14.png\" class=\"attachment-post-thumbnail size-post-thumbnail wp-post-image\" alt=\"\" \/>\t\t\t\t\t\t\t<\/a>\n\t\t\t\t\t\t<\/h3>\n\n\t\t\t\t\t\t<div class=\"entry-content sponsor-description\">\n\t\t\t\t\t\t\t<p><a href=\"http:\/\/www.monchito.net\" target=\"_blank\" rel=\"nofollow\">Monchito.net<\/a>: En Monchito.net siempre miramos hac\u00eda el futuro. Nos gusta innovar y experimentar con las nuevas tecnolog\u00edas y las \u00faltimas tendencias en dise\u00f1o web. Nuestro fuerte es el desarrollo web. Implementamos soluciones limpias, efectivas y reutilizables, utilizando las mejores herramientas disponibles para el trabajo; ya sea un sitio personalizado en HTML5, CSS3 y JavaScript, o una soluci\u00f3n integral basada en un manejador de contenidos como WordPress <\/p>\n\t\t\t\t\t\t<\/div>\n\t\t\t\t\t<\/div>\n\n\t\t\t\t\t\n\t\t\t\t\t<div id=\"post-5745\" class=\"sponsor post-5745 wcb_sponsor type-wcb_sponsor status-publish has-post-thumbnail hentry wcb_sponsor_level-patrocinador-oro\" >\n\t\t\t\t\t\t<h3 class=\"entry-title sponsor-title\">\n\t\t\t\t\t\t\t<a href=\"https:\/\/laspenitas.wordcamp.org\/2014\/sponsor\/instituto-de-informatica-y-comercio\/\">\n\t\t\t\t\t\t\t\t<img loading=\"lazy\" decoding=\"async\" width=\"263\" height=\"140\" src=\"https:\/\/laspenitas.wordcamp.org\/2014\/files\/2014\/03\/isic.png\" class=\"attachment-post-thumbnail size-post-thumbnail wp-post-image\" alt=\"\" \/>\t\t\t\t\t\t\t<\/a>\n\t\t\t\t\t\t<\/h3>\n\n\t\t\t\t\t\t<div class=\"entry-content sponsor-description\">\n\t\t\t\t\t\t\t<p>Somos el <a href=\"http:\/\/www.isic.edu.ni\" target=\"_blank\" rel=\"nofollow\">Instituto de Inform\u00e1tica y Comercio<\/a> (ISIC), uno de los centros de capacitaci\u00f3n de inform\u00e1tica l\u00edderes en cursos y talleres de WordPress y desarrollo web.<\/p>\n\t\t\t\t\t\t<\/div>\n\t\t\t\t\t<\/div>\n\n\t\t\t\t\t\n\t\t\t\t<\/div>\n\t\t\t\t\t\t\t\n\t\t\t\t<div class=\"sponsor-level wordcamp-champion\">\n\t\t\t\t\t<h2 class=\"sponsor-level-title\">\n\t\t\t\t\t\tWordCamp Champion\t\t\t\t\t<\/h2>\n\n\t\t\t\t\t\n\t\t\t\t\t<div id=\"post-142063\" class=\"sponsor post-142063 wcb_sponsor type-wcb_sponsor status-publish has-post-thumbnail hentry wcb_sponsor_level-wordcamp-champion\" >\n\t\t\t\t\t\t<h3 class=\"entry-title sponsor-title\">\n\t\t\t\t\t\t\t<a href=\"https:\/\/laspenitas.wordcamp.org\/2014\/sponsor\/bluehost\/\">\n\t\t\t\t\t\t\t\t<img loading=\"lazy\" decoding=\"async\" width=\"940\" height=\"198\" src=\"https:\/\/laspenitas.wordcamp.org\/2014\/files\/2014\/04\/wcni_bluehost-logo13-940x198.png\" class=\"attachment-post-thumbnail size-post-thumbnail wp-post-image\" alt=\"\" \/>\t\t\t\t\t\t\t<\/a>\n\t\t\t\t\t\t<\/h3>\n\n\t\t\t\t\t\t<div class=\"entry-content sponsor-description\">\n\t\t\t\t\t\t\t<p><a href=\"http:\/\/bluehost.com\" target=\"_blank\" rel=\"nofollow\">Bluehost<\/a> ha sido un socio de WordPress desde 2005 y da servicio a m\u00e1s de un mill\u00f3n de sitios de WordPress. Su objetivo es proporcionar servicios de alojamiento y una atenci\u00f3n al cliente excepcional al mejor precio posible. Bluehost tambi\u00e9n est\u00e1 constantemente innovando y mejorando sus servicios e infraestructura, sin costo adicional a sus clientes. \u00danete a millones de otros propietarios de sitios web que ya han optado por Bluehost y vea c\u00f3mo le pueden ayudar con su sitio.<\/p>\n\t\t\t\t\t\t<\/div>\n\t\t\t\t\t<\/div>\n\n\t\t\t\t\t\n\t\t\t\t\t<div id=\"post-142066\" class=\"sponsor post-142066 wcb_sponsor type-wcb_sponsor status-publish has-post-thumbnail hentry wcb_sponsor_level-wordcamp-champion\" >\n\t\t\t\t\t\t<h3 class=\"entry-title sponsor-title\">\n\t\t\t\t\t\t\t<a href=\"https:\/\/laspenitas.wordcamp.org\/2014\/sponsor\/code-poet\/\">\n\t\t\t\t\t\t\t\t<img loading=\"lazy\" decoding=\"async\" width=\"280\" height=\"100\" src=\"https:\/\/laspenitas.wordcamp.org\/2014\/files\/2014\/04\/Code-Poet-2.png\" class=\"attachment-post-thumbnail size-post-thumbnail wp-post-image\" alt=\"\" \/>\t\t\t\t\t\t\t<\/a>\n\t\t\t\t\t\t<\/h3>\n\n\t\t\t\t\t\t<div class=\"entry-content sponsor-description\">\n\t\t\t\t\t\t\t<p>Si utiliza WordPress para construir cosas para otras personas, Code Poet quiere hacer su vida m\u00e1s f\u00e1cil. No importa si usted trabaja por cuenta propia, o tiene una peque\u00f1a empresa de desarrollo web, o hace plugins en un armario oscuro, o trabaja en una empresa de dise\u00f1o grande, el objetivo del Code Poet es convertirse en su fuente principal de informaci\u00f3n y recursos para ayudar a ampliar sus habilidades en WordPress. Para hacer que seas mejor en lo que haces. Para hacer tu vida y tu trabajo m\u00e1s f\u00e1cily que te veas muy bien haci\u00e9ndolo. <\/p>\n<p>Eres parte de una tribu de dise\u00f1adores y desarrolladores de WordPress de m\u00e1s de 10,000 individuos alrededor de todo el mundo. <a href=\"http:\/\/www.codepoet.com\" target=\"_blank\" rel=\"nofollow\">codepoet.com<\/a> pretende reunir el conocimiento y las estrategias del mundo real en un solo lugar, para que usted lo pueda aprovechar.<\/p>\n\t\t\t\t\t\t<\/div>\n\t\t\t\t\t<\/div>\n\n\t\t\t\t\t\n\t\t\t\t<\/div>\n\t\t\t\t\t\t\t\n\t\t\t\t<div class=\"sponsor-level wordcamp-accomplice\">\n\t\t\t\t\t<h2 class=\"sponsor-level-title\">\n\t\t\t\t\t\tWordCamp Accomplice\t\t\t\t\t<\/h2>\n\n\t\t\t\t\t\n\t\t\t\t\t<div id=\"post-142069\" class=\"sponsor post-142069 wcb_sponsor type-wcb_sponsor status-publish has-post-thumbnail hentry wcb_sponsor_level-wordcamp-accomplice\" >\n\t\t\t\t\t\t<h3 class=\"entry-title sponsor-title\">\n\t\t\t\t\t\t\t<a href=\"https:\/\/laspenitas.wordcamp.org\/2014\/sponsor\/wpml-org\/\">\n\t\t\t\t\t\t\t\t<img loading=\"lazy\" decoding=\"async\" width=\"368\" height=\"108\" src=\"https:\/\/laspenitas.wordcamp.org\/2014\/files\/2014\/04\/WPMLSponsorsPageLogo.png\" class=\"attachment-post-thumbnail size-post-thumbnail wp-post-image\" alt=\"\" srcset=\"https:\/\/laspenitas.wordcamp.org\/2014\/files\/2014\/04\/WPMLSponsorsPageLogo.png 368w, https:\/\/laspenitas.wordcamp.org\/2014\/files\/2014\/04\/WPMLSponsorsPageLogo-300x88.png 300w\" sizes=\"auto, (max-width: 368px) 100vw, 368px\" \/>\t\t\t\t\t\t\t<\/a>\n\t\t\t\t\t\t<\/h3>\n\n\t\t\t\t\t\t<div class=\"entry-content sponsor-description\">\n\t\t\t\t\t\t\t<p>WPML convierte sitios de WordPress en sitios web multiling\u00fce. Funciona con los plugins de caching, SEO y plugins de comercio electr\u00f3nico, y permite la construcci\u00f3n de sitios multiling\u00fces completos. WPML trabaja tanto en blogs simples como en grandes sitios corporativos. <\/p>\n<p>WPML permite a los usuarios traducir todo en el sitio, incluyendo contenido, men\u00fas, widgets e incluso el tema y los textos del plugin. WPML es usado en m\u00e1s de 400,000 sitios web comerciales de todo el mundo. <\/p>\n<p>M\u00e1s informaci\u00f3n sobre WPML se puede encontrar en <a href=\"http:\/\/www.wpml.org\" target=\"_blank\" rel=\"nofollow\">WPML.org<\/a><\/p>\n\t\t\t\t\t\t<\/div>\n\t\t\t\t\t<\/div>\n\n\t\t\t\t\t\n\t\t\t\t<\/div>\n\t\t\t\t\t\t\t\t\t\t\t\t\t<\/div>\n\n\t\t\n","protected":false},"excerpt":{"rendered":"","protected":false},"author":10987929,"featured_media":0,"parent":0,"menu_order":0,"comment_status":"closed","ping_status":"closed","template":"","meta":{"jetpack_post_was_ever_published":false,"footnotes":""},"class_list":["post-2083","page","type-page","status-publish","hentry"],"jetpack_sharing_enabled":true,"_links":{"self":[{"href":"https:\/\/laspenitas.wordcamp.org\/2014\/wp-json\/wp\/v2\/pages\/2083","targetHints":{"allow":["GET"]}}],"collection":[{"href":"https:\/\/laspenitas.wordcamp.org\/2014\/wp-json\/wp\/v2\/pages"}],"about":[{"href":"https:\/\/laspenitas.wordcamp.org\/2014\/wp-json\/wp\/v2\/types\/page"}],"author":[{"embeddable":true,"href":"https:\/\/laspenitas.wordcamp.org\/2014\/wp-json\/wp\/v2\/users\/10987929"}],"replies":[{"embeddable":true,"href":"https:\/\/laspenitas.wordcamp.org\/2014\/wp-json\/wp\/v2\/comments?post=2083"}],"version-history":[{"count":5,"href":"https:\/\/laspenitas.wordcamp.org\/2014\/wp-json\/wp\/v2\/pages\/2083\/revisions"}],"predecessor-version":[{"id":2319,"href":"https:\/\/laspenitas.wordcamp.org\/2014\/wp-json\/wp\/v2\/pages\/2083\/revisions\/2319"}],"wp:attachment":[{"href":"https:\/\/laspenitas.wordcamp.org\/2014\/wp-json\/wp\/v2\/media?parent=2083"}],"curies":[{"name":"wp","href":"https:\/\/api.w.org\/{rel}","templated":true}]}}