{"id":2081,"date":"2014-03-01T03:54:41","date_gmt":"2014-03-01T03:54:41","guid":{"rendered":"https:\/\/2014.laspenitas.wordcamp.org\/?page_id=2081"},"modified":"2019-06-24T17:21:04","modified_gmt":"2019-06-24T17:21:04","slug":"charlas","status":"publish","type":"page","link":"https:\/\/laspenitas.wordcamp.org\/2014\/charlas\/","title":{"rendered":"Charlas"},"content":{"rendered":"<table class=\"tg\">\n<tbody>\n<tr>\n<th class=\"tg-031e\">Hora<\/th>\n<th class=\"tg-031e\">Charla<\/th>\n<th class=\"tg-031e\">Ponente<\/th>\n<\/tr>\n<tr>\n<td class=\"tg-031e\">8:00 am<\/td>\n<td class=\"tg-031e\">Registro<\/td>\n<td class=\"tg-031e\"><\/td>\n<\/tr>\n<tr>\n<td class=\"tg-031e\">8:50 am<\/td>\n<td class=\"tg-031e\">Palabras de Bienvenida<\/td>\n<td class=\"tg-031e\"><\/td>\n<\/tr>\n<tr>\n<td class=\"tg-031e\">9:00 am<\/td>\n<td class=\"tg-031e\">B\u00fasquedas personalizadas<\/td>\n<td class=\"tg-031e\">Aura Lila Guti\u00e9rrez<\/td>\n<\/tr>\n<tr>\n<td class=\"tg-031e\">9:45 am<\/td>\n<td class=\"tg-031e\"><a href=\"https:\/\/2014.laspenitas.wordcamp.org\/session\/diseno-web-con-wordpress\/\">Dise\u00f1o web con WordPress<\/a><\/td>\n<td class=\"tg-031e\">Lisseth T\u00e9llez<\/td>\n<\/tr>\n<tr>\n<td class=\"tg-031e\">10:30 am<\/td>\n<td class=\"tg-031e\">Seguridad: WordPress a prueba de balas<\/td>\n<td class=\"tg-031e\">Leandro G\u00f3mez<\/td>\n<\/tr>\n<tr>\n<td class=\"tg-031e\">11:15 am<\/td>\n<td class=\"tg-031e\"><a href=\"https:\/\/2014.laspenitas.wordcamp.org\/session\/no-termina-con-el-desarrollo-la-importancia-de-dar-buen-soporte\/\">No termina con el desarrollo: la importancia de dar buen soporte<\/a><\/td>\n<td class=\"tg-031e\"><a href=\"https:\/\/2014.laspenitas.wordcamp.org\/speaker\/karen-arnold\/\">Karen Arnold<\/a><\/td>\n<\/tr>\n<tr>\n<td class=\"tg-031e\">12:00 pm<\/td>\n<td class=\"tg-031e\">Almuerzo<\/td>\n<td class=\"tg-031e\"><\/td>\n<\/tr>\n<tr>\n<td class=\"tg-031e\">1:30 pm<\/td>\n<td class=\"tg-031e\"><a href=\"https:\/\/2014.laspenitas.wordcamp.org\/session\/ahorre-1000-horas-con-underscores\/\">Ahorre 1000 horas con Underscores<\/a><\/td>\n<td class=\"tg-031e\"><a href=\"https:\/\/2014.laspenitas.wordcamp.org\/speaker\/lance-willett\/\">Lance Willett<\/a><\/td>\n<\/tr>\n<tr>\n<td class=\"tg-031e\">2:15 pm<\/td>\n<td class=\"tg-031e\">WordPress Multi idiomas<\/td>\n<td class=\"tg-031e\"><a href=\"https:\/\/2014.laspenitas.wordcamp.org\/speaker\/arnold-roa\/\">Arnold Roa<\/a><\/td>\n<\/tr>\n<tr>\n<td class=\"tg-031e\">3:00 pm<\/td>\n<td class=\"tg-031e\"><a href=\"https:\/\/2014.laspenitas.wordcamp.org\/session\/administra-wordpress-automaticamente-con-wp-cli\/\">Administra WordPress autom\u00e1ticamente con WP-CLI<\/a><\/td>\n<td class=\"tg-031e\"><a href=\"https:\/\/2014.laspenitas.wordcamp.org\/speaker\/mike-schroder\/\">Mike Schroder<\/a><\/td>\n<\/tr>\n<tr>\n<td class=\"tg-031e\">3:45 pm<\/td>\n<td class=\"tg-031e\"><a href=\"https:\/\/2014.laspenitas.wordcamp.org\/session\/el-embudo-de-conversion-aplicado-a-la-web\/\">El embudo de conversi\u00f3n aplicado a la web<\/a><\/td>\n<td class=\"tg-031e\">Danilo Gonz\u00e1lez Ugalde<\/td>\n<\/tr>\n<tr>\n<td class=\"tg-031e\">4:30 pm<\/td>\n<td class=\"tg-031e\"><a href=\"https:\/\/2014.laspenitas.wordcamp.org\/session\/rest-api-wordpress-sin-fronteras\/\">REST-API &#8211; WordPress sin fronteras<\/a><\/td>\n<td class=\"tg-031e\"><a href=\"https:\/\/2014.laspenitas.wordcamp.org\/speaker\/damian-suarez\/\">Dami\u00e1n Suarez<\/a><\/td>\n<\/tr>\n<tr>\n<td class=\"tg-031e\">5:15 pm<\/td>\n<td class=\"tg-031e\"><a href=\"https:\/\/2014.laspenitas.wordcamp.org\/session\/wordpress-y-grunt\/\">WordPress y Grunt<\/a><\/td>\n<td class=\"tg-031e\">Jepser Bernardino<\/td>\n<\/tr>\n<\/tbody>\n<\/table>\n","protected":false},"excerpt":{"rendered":"<p>Hora Charla Ponente 8:00 am Registro 8:50 am Palabras de Bienvenida 9:00 am B\u00fasquedas personalizadas Aura Lila Guti\u00e9rrez 9:45 am Dise\u00f1o web con WordPress Lisseth T\u00e9llez 10:30 am Seguridad: WordPress a prueba de balas Leandro G\u00f3mez 11:15 am No termina &hellip; <a href=\"https:\/\/laspenitas.wordcamp.org\/2014\/charlas\/\">Sigue leyendo <span class=\"screen-reader-text\">Charlas<\/span>  <span class=\"meta-nav\">&rarr;<\/span><\/a><\/p>\n","protected":false},"author":10987929,"featured_media":0,"parent":0,"menu_order":0,"comment_status":"closed","ping_status":"closed","template":"","meta":{"jetpack_post_was_ever_published":false,"footnotes":""},"class_list":["post-2081","page","type-page","status-publish","hentry"],"jetpack_sharing_enabled":true,"_links":{"self":[{"href":"https:\/\/laspenitas.wordcamp.org\/2014\/wp-json\/wp\/v2\/pages\/2081","targetHints":{"allow":["GET"]}}],"collection":[{"href":"https:\/\/laspenitas.wordcamp.org\/2014\/wp-json\/wp\/v2\/pages"}],"about":[{"href":"https:\/\/laspenitas.wordcamp.org\/2014\/wp-json\/wp\/v2\/types\/page"}],"author":[{"embeddable":true,"href":"https:\/\/laspenitas.wordcamp.org\/2014\/wp-json\/wp\/v2\/users\/10987929"}],"replies":[{"embeddable":true,"href":"https:\/\/laspenitas.wordcamp.org\/2014\/wp-json\/wp\/v2\/comments?post=2081"}],"version-history":[{"count":18,"href":"https:\/\/laspenitas.wordcamp.org\/2014\/wp-json\/wp\/v2\/pages\/2081\/revisions"}],"predecessor-version":[{"id":209842,"href":"https:\/\/laspenitas.wordcamp.org\/2014\/wp-json\/wp\/v2\/pages\/2081\/revisions\/209842"}],"wp:attachment":[{"href":"https:\/\/laspenitas.wordcamp.org\/2014\/wp-json\/wp\/v2\/media?parent=2081"}],"curies":[{"name":"wp","href":"https:\/\/api.w.org\/{rel}","templated":true}]}}